{"id":837,"date":"2021-09-20T17:30:30","date_gmt":"2021-09-20T17:30:30","guid":{"rendered":"https:\/\/cuartillas.es\/?page_id=837"},"modified":"2021-09-21T16:59:19","modified_gmt":"2021-09-21T16:59:19","slug":"quien-es","status":"publish","type":"page","link":"https:\/\/cuartillas.es\/?page_id=837","title":{"rendered":"\u00bfQui\u00e9n es Ram\u00f3n?"},"content":{"rendered":"\n<div class=\"wp-block-media-text alignwide is-stacked-on-mobile is-vertically-aligned-top\" style=\"grid-template-columns:28% auto\"><figure class=\"wp-block-media-text__media\"><img fetchpriority=\"high\" decoding=\"async\" width=\"682\" height=\"1024\" src=\"https:\/\/cuartillas.es\/wp-content\/uploads\/2021\/09\/photo_2021-09-21_18-58-44-682x1024.jpg\" alt=\"\" class=\"wp-image-846 size-full\" srcset=\"https:\/\/cuartillas.es\/wp-content\/uploads\/2021\/09\/photo_2021-09-21_18-58-44-682x1024.jpg 682w, https:\/\/cuartillas.es\/wp-content\/uploads\/2021\/09\/photo_2021-09-21_18-58-44-200x300.jpg 200w, https:\/\/cuartillas.es\/wp-content\/uploads\/2021\/09\/photo_2021-09-21_18-58-44-768x1152.jpg 768w, https:\/\/cuartillas.es\/wp-content\/uploads\/2021\/09\/photo_2021-09-21_18-58-44.jpg 853w\" sizes=\"(max-width: 682px) 100vw, 682px\" \/><\/figure><div class=\"wp-block-media-text__content\">\n<p>Nac\u00ed el 29 de agosto de 1964 en San Pedro (Albacete) a los 18 meses mis padres se trasladaron a Burjassot, (Valencia). Curs\u00e9 los estudios de E.G.B. hasta sacarme el Graduado Escolar en el colegio de La Natividad sito en la misma poblaci\u00f3n. A pesar de no continuar los estudios, segu\u00ed con mi pasi\u00f3n por la lectura y aunque mi afici\u00f3n eran el dibujo y la pintura u otras artes pl\u00e1sticas, no fue hasta el a\u00f1o 2001 cuando comenc\u00e9 a escribir, unos a\u00f1os m\u00e1s tarde a ra\u00edz de un concurso literario en una revista mand\u00e9 un relato corto y sali\u00f3 ganador.<\/p>\n\n\n\n<p>Despu\u00e9s constru\u00ed alrededor de ese relato una trama y unos personajes, la novela estuvo unos a\u00f1os reposando en cajones o dentro de una bolsa de pl\u00e1stico; \u00fanicamente ense\u00f1ado a los ojos de algunos amigos para obtener sus opiniones, tras alguno de ellos indicarme que ten\u00eda cierta posibilidad de publicarse para el p\u00fablico, me arm\u00e9 de valor y publiqu\u00e9 en 2017 mi primera novela de ficci\u00f3n: Tiempo de carretera, y un a\u00f1o m\u00e1s tarde le seguir\u00eda Camino a Loh.<\/p>\n\n\n\n<p>He seguido escribiendo con mayor y menor acierto dejando mis textos por la redes y ya es hora de tener algo propio, por eso pens\u00e9 en unificarlo todo en este blog.<\/p>\n<\/div><\/div>\n\n\n\n<ul class=\"wp-block-social-links is-style-logos-only is-layout-flex wp-block-social-links-is-layout-flex\"><\/ul>\n\n\n\n<p><\/p>\n","protected":false},"excerpt":{"rendered":"<p>Nac\u00ed el 29 de agosto de 1964 en San Pedro (Albacete) a los 18 meses mis padres se trasladaron a<\/p>\n<p><a href=\"https:\/\/cuartillas.es\/?page_id=837\" class=\"more-link\">Seguir leyendo<span class=\"screen-reader-text\">\u00bfQui\u00e9n es Ram\u00f3n?<\/span><\/a><\/p>\n","protected":false},"author":1,"featured_media":0,"parent":0,"menu_order":0,"comment_status":"closed","ping_status":"closed","template":"","meta":{"_monsterinsights_skip_tracking":false,"_monsterinsights_sitenote_active":false,"_monsterinsights_sitenote_note":"","_monsterinsights_sitenote_category":0,"footnotes":""},"class_list":["post-837","page","type-page","status-publish","hentry"],"aioseo_notices":[],"_links":{"self":[{"href":"https:\/\/cuartillas.es\/index.php?rest_route=\/wp\/v2\/pages\/837","targetHints":{"allow":["GET"]}}],"collection":[{"href":"https:\/\/cuartillas.es\/index.php?rest_route=\/wp\/v2\/pages"}],"about":[{"href":"https:\/\/cuartillas.es\/index.php?rest_route=\/wp\/v2\/types\/page"}],"author":[{"embeddable":true,"href":"https:\/\/cuartillas.es\/index.php?rest_route=\/wp\/v2\/users\/1"}],"replies":[{"embeddable":true,"href":"https:\/\/cuartillas.es\/index.php?rest_route=%2Fwp%2Fv2%2Fcomments&post=837"}],"version-history":[{"count":2,"href":"https:\/\/cuartillas.es\/index.php?rest_route=\/wp\/v2\/pages\/837\/revisions"}],"predecessor-version":[{"id":847,"href":"https:\/\/cuartillas.es\/index.php?rest_route=\/wp\/v2\/pages\/837\/revisions\/847"}],"wp:attachment":[{"href":"https:\/\/cuartillas.es\/index.php?rest_route=%2Fwp%2Fv2%2Fmedia&parent=837"}],"curies":[{"name":"wp","href":"https:\/\/api.w.org\/{rel}","templated":true}]}}